{"id":268,"date":"2015-12-14T09:05:52","date_gmt":"2015-12-14T08:05:52","guid":{"rendered":"http:\/\/decodage-bioenergetique.com\/?page_id=268"},"modified":"2024-05-07T10:40:03","modified_gmt":"2024-05-07T09:40:03","slug":"medias","status":"publish","type":"page","link":"https:\/\/decodage-bioenergetique.com\/index.php\/medias\/","title":{"rendered":"M\u00e9dias"},"content":{"rendered":"<style>\n.fond_vert {\nbackground-color: darkkhaki;}\n.blanc{\ncolor: white;}\na:hover {\nbackground-color:#FFFF99;\ncolor:#FF0000;}\n<\/style>\n<table border=\"0\" width=\"100%\"><\/b><br \/>\n<body><\/p>\n<table border=\"0\" width=\"100%\">\n<tbody>\n<!-- ----------------------------------------------------------------- --><\/p>\n<tr>\n<td width=\"25%\"><img src=\"https:\/\/decodage-bioenergetique.com\/wp-content\/uploads\/2024\/04\/chakras.jpg\" alt=\"thumb_chakras\"><\/td>\n<td width=\"5\"><\/td>\n<td>\n<h2>MEDITATIONS DES CHAKRAS<\/h2>\n<div class=\"fond_vert\">\n<b><a href=\"https:\/\/decodage-bioenergetique.com\/index.php\/meditations_chakras\/\" class=\"blanc\">Rejoindre des m\u00e9ditations<\/a><\/b><\/p>\n<\/td>\n<\/tr>\n<p><!-- ----------------------------------------------------------------- --><\/p>\n<tr>\n<td width=\"25%\"><img src=\"https:\/\/decodage-bioenergetique.com\/wp-content\/uploads\/2020\/05\/thumb_meditation_lumint.jpg\" alt=\"thumb_lumint\"><\/td>\n<td width=\"5\"><\/td>\n<td>\n<h2>MEDITATIONS DE LA LUMIERE INTERIEURE<\/h2>\n<div class=\"fond_vert\">\n<b><a href=\"https:\/\/decodage-bioenergetique.com\/index.php\/meditation-lumiere-interieure\/\" class=\"blanc\">Rejoindre la page<\/a><\/b><\/p>\n<\/td>\n<\/tr>\n<p><!-- ----------------------------------------------------------------- --><\/p>\n<tr>\n<td width=\"25%\"><img src=\"https:\/\/decodage-bioenergetique.com\/wp-content\/uploads\/2024\/04\/thumb_planetes.jpg\" alt=\"thumb_planetes\"><\/td>\n<td width=\"5\"><\/td>\n<td>\n<h2>MEDITATIONS DES PLANETES<\/h2>\n<div class=\"fond_vert\">\n<b><a href=\"https:\/\/decodage-bioenergetique.com\/index.php\/meditations_planetes\/\" class=\"blanc\">Rejoindre des m\u00e9ditations<\/a><\/b><\/p>\n<\/td>\n<\/tr>\n<p><!-- ----------------------------------------------------------------- --><\/p>\n<tr>\n<td width=\"25%\">\n&nbsp;<\/td>\n<td width=\"5\"><\/td>\n<td>\n<h2>LIVRES<\/h2>\n<\/td>\n<\/tr>\n<p><!-- ----------------------------------------------------------------- --><\/p>\n<tr>\n<td width=\"25%\"><img src=\"http:\/\/decodage-bioenergetique.com\/wp-content\/uploads\/2018\/04\/couv_livre_gdk_ada.jpg\" alt=\"couverture_gdk\"><\/td>\n<td width=\"5\"><\/td>\n<td>\n<h6>Les gardiens du Karma<\/h6>\n<p><b>Une approche bio\u00e9nerg\u00e9tique pour comprendre l&rsquo;action karmique<\/b>., 180 pages, Ada Inc. 2019<br \/>\n<b>Comment les probl\u00e9matiques de nos incarnations ant\u00e9rieures font incursion dans le pr\u00e9sent et comment elles nous invitent \u00e0 des prises de conscience afin de progresser sur notre chemin. Dispo en librairie ou Amazon.<\/b>\n<\/td>\n<\/tr>\n<p><!-- ----------------------------------------------------------------- --><\/p>\n<tr>\n<td width=\"25%\"><img src=\"http:\/\/decodage-bioenergetique.com\/wp-content\/uploads\/2015\/12\/couv_livre_gd_atg.jpg\" alt=\"couverture_atg\"><\/td>\n<td width=\"5\"><\/td>\n<td>\n<h6>Les arch\u00e9types transg\u00e9n\u00e9rationnels<\/h6>\n<p><b>Une approche \u00e9nerg\u00e9tique<\/b>,\u00a0Souffle d&rsquo;Or 2011, 190 pages<br \/>\n<b>Par quel biais sommes nous h\u00e9ritiers de sch\u00e9mas de fonctionnement qui nous pourrissent la vie et comment s&rsquo;en d\u00e9barrasser. Livre \u00e9puise, quelques exemplaires disponibles, me contacter. <\/b>\n<\/td>\n<\/tr>\n<p><!-- ----------------------------------------------------------------- --><\/p>\n<tr>\n<td width=\"25%\"><img src=\"http:\/\/decodage-bioenergetique.com\/wp-content\/uploads\/2015\/12\/couv_livre_real_en.jpg\" alt=\"couverture_realen\"><\/td>\n<td width=\"5\"><\/td>\n<td>\n<h6>R\u00e9alit\u00e9s \u00e9nerg\u00e9tiques<\/h6>\n<p><b>Guide pratique<\/b>, Souffle d&rsquo;Or 2013<br \/>\n<b>Introduction au monde des \u00e9nergies o\u00f9 les notions de temps et d&rsquo;espace laissent la place aux liens, r\u00e9sonnances et aux m\u00e9moires. Livre \u00e9puis\u00e9, quelques exemplaires disponibles, contactez-moi<\/b>\n<\/td>\n<\/tr>\n<p><!-- ----------------------------------------------------------------- --><\/p>\n<tr>\n<td width=\"25%\"><img src=\"https:\/\/decodage-bioenergetique.com\/wp-content\/uploads\/2015\/12\/couv_livre_beyond_timetrap.jpg\" alt=\"couverture_btt\"><\/td>\n<td width=\"5\"><\/td>\n<td>\n<h6>Beyond time trap<\/h6>\n<p><b>Timeless dimensions shaping reality through repetitive patterns, Amazon<br \/>\n<b>En anglais: pr\u00e9sente des \u00e9bauches pour expliquer la morphogen\u00e8se <\/b>\n<\/td>\n<\/tr>\n<p><!-- ----------------------------------------------------------------- --><br \/>\n<\/tbody>\n<\/table>\n","protected":false},"excerpt":{"rendered":"<p>MEDITATIONS DES CHAKRAS Rejoindre des m\u00e9ditations MEDITATIONS DE LA LUMIERE INTERIEURE Rejoindre la page MEDITATIONS DES PLANETES Rejoindre des m\u00e9ditations &nbsp; LIVRES Les gardiens du Karma Une approche bio\u00e9nerg\u00e9tique pour comprendre l&rsquo;action karmique., 180 pages, Ada Inc. 2019 Comment les<\/p>\n","protected":false},"author":15,"featured_media":0,"parent":0,"menu_order":0,"comment_status":"closed","ping_status":"closed","template":"","meta":[],"yoast_head":"<!-- This site is optimized with the Yoast SEO plugin v19.13 - https:\/\/yoast.com\/wordpress\/plugins\/seo\/ -->\n<title>M\u00e9dias - decodage-bioenergetique.com<\/title>\n<meta name=\"robots\" content=\"index, follow, max-snippet:-1, max-image-preview:large, max-video-preview:-1\" \/>\n<link rel=\"canonical\" href=\"https:\/\/decodage-bioenergetique.com\/index.php\/medias\/\" \/>\n<meta property=\"og:locale\" content=\"fr_FR\" \/>\n<meta property=\"og:type\" content=\"article\" \/>\n<meta property=\"og:title\" content=\"M\u00e9dias - decodage-bioenergetique.com\" \/>\n<meta property=\"og:description\" content=\"MEDITATIONS DES CHAKRAS Rejoindre des m\u00e9ditations MEDITATIONS DE LA LUMIERE INTERIEURE Rejoindre la page MEDITATIONS DES PLANETES Rejoindre des m\u00e9ditations &nbsp; LIVRES Les gardiens du Karma Une approche bio\u00e9nerg\u00e9tique pour comprendre l&rsquo;action karmique., 180 pages, Ada Inc. 2019 Comment les\" \/>\n<meta property=\"og:url\" content=\"https:\/\/decodage-bioenergetique.com\/index.php\/medias\/\" \/>\n<meta property=\"og:site_name\" content=\"decodage-bioenergetique.com\" \/>\n<meta property=\"article:modified_time\" content=\"2024-05-07T09:40:03+00:00\" \/>\n<meta property=\"og:image\" content=\"https:\/\/decodage-bioenergetique.com\/wp-content\/uploads\/2024\/04\/chakras.jpg\" \/>\n<meta name=\"twitter:card\" content=\"summary_large_image\" \/>\n<meta name=\"twitter:label1\" content=\"Dur\u00e9e de lecture estim\u00e9e\" \/>\n\t<meta name=\"twitter:data1\" content=\"3 minutes\" \/>\n<script type=\"application\/ld+json\" class=\"yoast-schema-graph\">{\"@context\":\"https:\/\/schema.org\",\"@graph\":[{\"@type\":\"WebPage\",\"@id\":\"https:\/\/decodage-bioenergetique.com\/index.php\/medias\/\",\"url\":\"https:\/\/decodage-bioenergetique.com\/index.php\/medias\/\",\"name\":\"M\u00e9dias - decodage-bioenergetique.com\",\"isPartOf\":{\"@id\":\"https:\/\/decodage-bioenergetique.com\/#website\"},\"datePublished\":\"2015-12-14T08:05:52+00:00\",\"dateModified\":\"2024-05-07T09:40:03+00:00\",\"breadcrumb\":{\"@id\":\"https:\/\/decodage-bioenergetique.com\/index.php\/medias\/#breadcrumb\"},\"inLanguage\":\"fr-FR\",\"potentialAction\":[{\"@type\":\"ReadAction\",\"target\":[\"https:\/\/decodage-bioenergetique.com\/index.php\/medias\/\"]}]},{\"@type\":\"BreadcrumbList\",\"@id\":\"https:\/\/decodage-bioenergetique.com\/index.php\/medias\/#breadcrumb\",\"itemListElement\":[{\"@type\":\"ListItem\",\"position\":1,\"name\":\"Accueil\",\"item\":\"https:\/\/decodage-bioenergetique.com\/\"},{\"@type\":\"ListItem\",\"position\":2,\"name\":\"M\u00e9dias\"}]},{\"@type\":\"WebSite\",\"@id\":\"https:\/\/decodage-bioenergetique.com\/#website\",\"url\":\"https:\/\/decodage-bioenergetique.com\/\",\"name\":\"decodage-bioenergetique.com\",\"description\":\"\",\"potentialAction\":[{\"@type\":\"SearchAction\",\"target\":{\"@type\":\"EntryPoint\",\"urlTemplate\":\"https:\/\/decodage-bioenergetique.com\/?s={search_term_string}\"},\"query-input\":\"required name=search_term_string\"}],\"inLanguage\":\"fr-FR\"}]}<\/script>\n<!-- \/ Yoast SEO plugin. -->","yoast_head_json":{"title":"M\u00e9dias - decodage-bioenergetique.com","robots":{"index":"index","follow":"follow","max-snippet":"max-snippet:-1","max-image-preview":"max-image-preview:large","max-video-preview":"max-video-preview:-1"},"canonical":"https:\/\/decodage-bioenergetique.com\/index.php\/medias\/","og_locale":"fr_FR","og_type":"article","og_title":"M\u00e9dias - decodage-bioenergetique.com","og_description":"MEDITATIONS DES CHAKRAS Rejoindre des m\u00e9ditations MEDITATIONS DE LA LUMIERE INTERIEURE Rejoindre la page MEDITATIONS DES PLANETES Rejoindre des m\u00e9ditations &nbsp; LIVRES Les gardiens du Karma Une approche bio\u00e9nerg\u00e9tique pour comprendre l&rsquo;action karmique., 180 pages, Ada Inc. 2019 Comment les","og_url":"https:\/\/decodage-bioenergetique.com\/index.php\/medias\/","og_site_name":"decodage-bioenergetique.com","article_modified_time":"2024-05-07T09:40:03+00:00","og_image":[{"url":"https:\/\/decodage-bioenergetique.com\/wp-content\/uploads\/2024\/04\/chakras.jpg"}],"twitter_card":"summary_large_image","twitter_misc":{"Dur\u00e9e de lecture estim\u00e9e":"3 minutes"},"schema":{"@context":"https:\/\/schema.org","@graph":[{"@type":"WebPage","@id":"https:\/\/decodage-bioenergetique.com\/index.php\/medias\/","url":"https:\/\/decodage-bioenergetique.com\/index.php\/medias\/","name":"M\u00e9dias - decodage-bioenergetique.com","isPartOf":{"@id":"https:\/\/decodage-bioenergetique.com\/#website"},"datePublished":"2015-12-14T08:05:52+00:00","dateModified":"2024-05-07T09:40:03+00:00","breadcrumb":{"@id":"https:\/\/decodage-bioenergetique.com\/index.php\/medias\/#breadcrumb"},"inLanguage":"fr-FR","potentialAction":[{"@type":"ReadAction","target":["https:\/\/decodage-bioenergetique.com\/index.php\/medias\/"]}]},{"@type":"BreadcrumbList","@id":"https:\/\/decodage-bioenergetique.com\/index.php\/medias\/#breadcrumb","itemListElement":[{"@type":"ListItem","position":1,"name":"Accueil","item":"https:\/\/decodage-bioenergetique.com\/"},{"@type":"ListItem","position":2,"name":"M\u00e9dias"}]},{"@type":"WebSite","@id":"https:\/\/decodage-bioenergetique.com\/#website","url":"https:\/\/decodage-bioenergetique.com\/","name":"decodage-bioenergetique.com","description":"","potentialAction":[{"@type":"SearchAction","target":{"@type":"EntryPoint","urlTemplate":"https:\/\/decodage-bioenergetique.com\/?s={search_term_string}"},"query-input":"required name=search_term_string"}],"inLanguage":"fr-FR"}]}},"_links":{"self":[{"href":"https:\/\/decodage-bioenergetique.com\/index.php\/wp-json\/wp\/v2\/pages\/268"}],"collection":[{"href":"https:\/\/decodage-bioenergetique.com\/index.php\/wp-json\/wp\/v2\/pages"}],"about":[{"href":"https:\/\/decodage-bioenergetique.com\/index.php\/wp-json\/wp\/v2\/types\/page"}],"author":[{"embeddable":true,"href":"https:\/\/decodage-bioenergetique.com\/index.php\/wp-json\/wp\/v2\/users\/15"}],"replies":[{"embeddable":true,"href":"https:\/\/decodage-bioenergetique.com\/index.php\/wp-json\/wp\/v2\/comments?post=268"}],"version-history":[{"count":0,"href":"https:\/\/decodage-bioenergetique.com\/index.php\/wp-json\/wp\/v2\/pages\/268\/revisions"}],"wp:attachment":[{"href":"https:\/\/decodage-bioenergetique.com\/index.php\/wp-json\/wp\/v2\/media?parent=268"}],"curies":[{"name":"wp","href":"https:\/\/api.w.org\/{rel}","templated":true}]}}