{"id":319,"date":"2015-12-15T09:52:51","date_gmt":"2015-12-15T08:52:51","guid":{"rendered":"http:\/\/decodage-bioenergetique.com\/?page_id=319"},"modified":"2024-04-24T13:56:31","modified_gmt":"2024-04-24T12:56:31","slug":"articles","status":"publish","type":"page","link":"https:\/\/decodage-bioenergetique.com\/index.php\/articles\/","title":{"rendered":"Articles &#038; Blog"},"content":{"rendered":"<style>\n.fond_vert {\nbackground-color: darkkhaki;}\n.blanc{\ncolor: white;}\na:hover {\nbackground-color:#FFFF99;\ncolor:#FF0000;}\n<\/style>\n<h4>ARTICLES &#038; BLOG<\/h4>\n<table border=\"0\" width=\"100%\"><\/b><br \/>\n<body><\/p>\n<table border=\"0\" width=\"100%\">\n<tbody>\n<!-- ----------------------------------------------------------------- --><\/p>\n<tr>\n<td width=\"25%\"><img src=\"https:\/\/decodage-bioenergetique.com\/wp-content\/uploads\/2018\/02\/article_blog.jpg\" alt=\"thumb_ce\"><\/td>\n<td width=\"5\"><\/td>\n<td>\n<b>Le blog est aliment\u00e9 r\u00e9guli\u00e8rement<\/strong><\/b><\/p>\n<div class=\"fond_vert\">\n<b><a href=\"https:\/\/decodage-bioenergetique.com\/index.php\/category\/blog\/\n\" class=\"blanc\">Lire les articles du blog<\/a><\/b><\/p>\n<\/td>\n<\/tr>\n<p><!-- ----------------------------------------------------------------- --><\/p>\n<tr>\n<td width=\"25%\"><img src=\"https:\/\/decodage-bioenergetique.com\/wp-content\/uploads\/2024\/04\/thumb_descr_dbe.jpg\" alt=\"thumb_ce\"><\/td>\n<td width=\"5\"><\/td>\n<td>\n<b>Qu&rsquo;est-ce que le d\u00e9codage bio\u00e9nerg\u00e9tique<\/strong><\/b><\/p>\n<div class=\"fond_vert\">\n<b><a href=\"https:\/\/decodage-bioenergetique.com\/index.php\/intro-dbe\/\" class=\"blanc\">Lire la suite<\/a><\/b><\/p>\n<\/td>\n<\/tr>\n<p><!-- ----------------------------------------------------------------- --><\/p>\n<tr>\n<td width=\"25%\"><img src=\"https:\/\/decodage-bioenergetique.com\/wp-content\/uploads\/2024\/04\/thumb_descr_atg.jpg\" alt=\"thumb_atg\"><\/td>\n<td width=\"5\"><\/td>\n<td>\n<b><strong>Qu&rsquo;est-ce qu&rsquo;un arch\u00e9type transg\u00e9n\u00e9rationnel<\/strong><\/b><\/p>\n<div class=\"fond_vert\">\n<b><b><a href=\"https:\/\/decodage-bioenergetique.com\/index.php\/archetype-transgenerationnel\/\" class=\"blanc\">Lire la suite<\/a><\/b><\/p>\n<\/td>\n<\/tr>\n<p><!-- ----------------------------------------------------------------- --><br \/>\n<\/tbody>\n<\/table>\n","protected":false},"excerpt":{"rendered":"<p>ARTICLES &#038; BLOG Le blog est aliment\u00e9 r\u00e9guli\u00e8rement Lire les articles du blog Qu&rsquo;est-ce que le d\u00e9codage bio\u00e9nerg\u00e9tique Lire la suite Qu&rsquo;est-ce qu&rsquo;un arch\u00e9type transg\u00e9n\u00e9rationnel Lire la suite<\/p>\n","protected":false},"author":15,"featured_media":0,"parent":0,"menu_order":0,"comment_status":"closed","ping_status":"closed","template":"","meta":[],"yoast_head":"<!-- This site is optimized with the Yoast SEO plugin v19.13 - https:\/\/yoast.com\/wordpress\/plugins\/seo\/ -->\n<title>Articles &amp; Blog - decodage-bioenergetique.com<\/title>\n<meta name=\"robots\" content=\"index, follow, max-snippet:-1, max-image-preview:large, max-video-preview:-1\" \/>\n<link rel=\"canonical\" href=\"https:\/\/decodage-bioenergetique.com\/index.php\/articles\/\" \/>\n<meta property=\"og:locale\" content=\"fr_FR\" \/>\n<meta property=\"og:type\" content=\"article\" \/>\n<meta property=\"og:title\" content=\"Articles &amp; Blog - decodage-bioenergetique.com\" \/>\n<meta property=\"og:description\" content=\"ARTICLES &#038; BLOG Le blog est aliment\u00e9 r\u00e9guli\u00e8rement Lire les articles du blog Qu&rsquo;est-ce que le d\u00e9codage bio\u00e9nerg\u00e9tique Lire la suite Qu&rsquo;est-ce qu&rsquo;un arch\u00e9type transg\u00e9n\u00e9rationnel Lire la suite\" \/>\n<meta property=\"og:url\" content=\"https:\/\/decodage-bioenergetique.com\/index.php\/articles\/\" \/>\n<meta property=\"og:site_name\" content=\"decodage-bioenergetique.com\" \/>\n<meta property=\"article:modified_time\" content=\"2024-04-24T12:56:31+00:00\" \/>\n<meta property=\"og:image\" content=\"https:\/\/decodage-bioenergetique.com\/wp-content\/uploads\/2018\/02\/article_blog.jpg\" \/>\n<meta name=\"twitter:card\" content=\"summary_large_image\" \/>\n<meta name=\"twitter:label1\" content=\"Dur\u00e9e de lecture estim\u00e9e\" \/>\n\t<meta name=\"twitter:data1\" content=\"1 minute\" \/>\n<script type=\"application\/ld+json\" class=\"yoast-schema-graph\">{\"@context\":\"https:\/\/schema.org\",\"@graph\":[{\"@type\":\"WebPage\",\"@id\":\"https:\/\/decodage-bioenergetique.com\/index.php\/articles\/\",\"url\":\"https:\/\/decodage-bioenergetique.com\/index.php\/articles\/\",\"name\":\"Articles & Blog - decodage-bioenergetique.com\",\"isPartOf\":{\"@id\":\"https:\/\/decodage-bioenergetique.com\/#website\"},\"datePublished\":\"2015-12-15T08:52:51+00:00\",\"dateModified\":\"2024-04-24T12:56:31+00:00\",\"breadcrumb\":{\"@id\":\"https:\/\/decodage-bioenergetique.com\/index.php\/articles\/#breadcrumb\"},\"inLanguage\":\"fr-FR\",\"potentialAction\":[{\"@type\":\"ReadAction\",\"target\":[\"https:\/\/decodage-bioenergetique.com\/index.php\/articles\/\"]}]},{\"@type\":\"BreadcrumbList\",\"@id\":\"https:\/\/decodage-bioenergetique.com\/index.php\/articles\/#breadcrumb\",\"itemListElement\":[{\"@type\":\"ListItem\",\"position\":1,\"name\":\"Accueil\",\"item\":\"https:\/\/decodage-bioenergetique.com\/\"},{\"@type\":\"ListItem\",\"position\":2,\"name\":\"Articles &#038; Blog\"}]},{\"@type\":\"WebSite\",\"@id\":\"https:\/\/decodage-bioenergetique.com\/#website\",\"url\":\"https:\/\/decodage-bioenergetique.com\/\",\"name\":\"decodage-bioenergetique.com\",\"description\":\"\",\"potentialAction\":[{\"@type\":\"SearchAction\",\"target\":{\"@type\":\"EntryPoint\",\"urlTemplate\":\"https:\/\/decodage-bioenergetique.com\/?s={search_term_string}\"},\"query-input\":\"required name=search_term_string\"}],\"inLanguage\":\"fr-FR\"}]}<\/script>\n<!-- \/ Yoast SEO plugin. -->","yoast_head_json":{"title":"Articles & Blog - decodage-bioenergetique.com","robots":{"index":"index","follow":"follow","max-snippet":"max-snippet:-1","max-image-preview":"max-image-preview:large","max-video-preview":"max-video-preview:-1"},"canonical":"https:\/\/decodage-bioenergetique.com\/index.php\/articles\/","og_locale":"fr_FR","og_type":"article","og_title":"Articles & Blog - decodage-bioenergetique.com","og_description":"ARTICLES &#038; BLOG Le blog est aliment\u00e9 r\u00e9guli\u00e8rement Lire les articles du blog Qu&rsquo;est-ce que le d\u00e9codage bio\u00e9nerg\u00e9tique Lire la suite Qu&rsquo;est-ce qu&rsquo;un arch\u00e9type transg\u00e9n\u00e9rationnel Lire la suite","og_url":"https:\/\/decodage-bioenergetique.com\/index.php\/articles\/","og_site_name":"decodage-bioenergetique.com","article_modified_time":"2024-04-24T12:56:31+00:00","og_image":[{"url":"https:\/\/decodage-bioenergetique.com\/wp-content\/uploads\/2018\/02\/article_blog.jpg"}],"twitter_card":"summary_large_image","twitter_misc":{"Dur\u00e9e de lecture estim\u00e9e":"1 minute"},"schema":{"@context":"https:\/\/schema.org","@graph":[{"@type":"WebPage","@id":"https:\/\/decodage-bioenergetique.com\/index.php\/articles\/","url":"https:\/\/decodage-bioenergetique.com\/index.php\/articles\/","name":"Articles & Blog - decodage-bioenergetique.com","isPartOf":{"@id":"https:\/\/decodage-bioenergetique.com\/#website"},"datePublished":"2015-12-15T08:52:51+00:00","dateModified":"2024-04-24T12:56:31+00:00","breadcrumb":{"@id":"https:\/\/decodage-bioenergetique.com\/index.php\/articles\/#breadcrumb"},"inLanguage":"fr-FR","potentialAction":[{"@type":"ReadAction","target":["https:\/\/decodage-bioenergetique.com\/index.php\/articles\/"]}]},{"@type":"BreadcrumbList","@id":"https:\/\/decodage-bioenergetique.com\/index.php\/articles\/#breadcrumb","itemListElement":[{"@type":"ListItem","position":1,"name":"Accueil","item":"https:\/\/decodage-bioenergetique.com\/"},{"@type":"ListItem","position":2,"name":"Articles &#038; Blog"}]},{"@type":"WebSite","@id":"https:\/\/decodage-bioenergetique.com\/#website","url":"https:\/\/decodage-bioenergetique.com\/","name":"decodage-bioenergetique.com","description":"","potentialAction":[{"@type":"SearchAction","target":{"@type":"EntryPoint","urlTemplate":"https:\/\/decodage-bioenergetique.com\/?s={search_term_string}"},"query-input":"required name=search_term_string"}],"inLanguage":"fr-FR"}]}},"_links":{"self":[{"href":"https:\/\/decodage-bioenergetique.com\/index.php\/wp-json\/wp\/v2\/pages\/319"}],"collection":[{"href":"https:\/\/decodage-bioenergetique.com\/index.php\/wp-json\/wp\/v2\/pages"}],"about":[{"href":"https:\/\/decodage-bioenergetique.com\/index.php\/wp-json\/wp\/v2\/types\/page"}],"author":[{"embeddable":true,"href":"https:\/\/decodage-bioenergetique.com\/index.php\/wp-json\/wp\/v2\/users\/15"}],"replies":[{"embeddable":true,"href":"https:\/\/decodage-bioenergetique.com\/index.php\/wp-json\/wp\/v2\/comments?post=319"}],"version-history":[{"count":0,"href":"https:\/\/decodage-bioenergetique.com\/index.php\/wp-json\/wp\/v2\/pages\/319\/revisions"}],"wp:attachment":[{"href":"https:\/\/decodage-bioenergetique.com\/index.php\/wp-json\/wp\/v2\/media?parent=319"}],"curies":[{"name":"wp","href":"https:\/\/api.w.org\/{rel}","templated":true}]}}