{"id":3789,"date":"2019-11-03T22:54:58","date_gmt":"2019-11-03T21:54:58","guid":{"rendered":"https:\/\/decodage-bioenergetique.com\/?page_id=3789"},"modified":"2019-11-03T23:12:57","modified_gmt":"2019-11-03T22:12:57","slug":"liste-des-sujet-accompagnement","status":"publish","type":"page","link":"https:\/\/decodage-bioenergetique.com\/index.php\/liste-des-sujet-accompagnement\/","title":{"rendered":"Liste des sujet et pr\u00e9occupations"},"content":{"rendered":"<h6>Voici la liste des sujets pour lesquels mon accompagnement peut constituer une aide significative, voire aboutir \u00e0 la r\u00e9solution<\/h6>\n<ul>\n<li>Carri\u00e8re bloqu\u00e9e<\/li>\n<li>Burn out<\/li>\n<li>D\u00e9pression &#8211;\u00a0 Angoisses<\/li>\n<li>Manque d&rsquo;\u00e9nergie, neurolepsie<\/li>\n<li>Tocs<\/li>\n<li>Crise de vie<\/li>\n<li>Ne sait pas pourquoi sur Terre, impression d&rsquo;\u00eatre sur la fausse plan\u00e8te<\/li>\n<li>Recherche de sa vocation<\/li>\n<li>Hypersensibilit\u00e9, agoraphobie<\/li>\n<li>Sabotage, Autosabotage<\/li>\n<li>Attaques (sur les plans invisibles)<\/li>\n<li>Stress, surpoids,<\/li>\n<li>Auto-d\u00e9valorisation, manque de confiance<\/li>\n<li>Soucis financiers<\/li>\n<li>etc.<\/li>\n<\/ul>\n","protected":false},"excerpt":{"rendered":"<p>Voici la liste des sujets pour lesquels mon accompagnement peut constituer une aide significative, voire aboutir \u00e0 la r\u00e9solution Carri\u00e8re bloqu\u00e9e Burn out D\u00e9pression &#8211;\u00a0 Angoisses Manque d&rsquo;\u00e9nergie, neurolepsie Tocs Crise de vie Ne sait pas pourquoi sur Terre, impression<\/p>\n","protected":false},"author":15,"featured_media":0,"parent":0,"menu_order":0,"comment_status":"closed","ping_status":"closed","template":"","meta":[],"yoast_head":"<!-- This site is optimized with the Yoast SEO plugin v19.13 - https:\/\/yoast.com\/wordpress\/plugins\/seo\/ -->\n<title>Liste des sujet et pr\u00e9occupations - decodage-bioenergetique.com<\/title>\n<meta name=\"robots\" content=\"index, follow, max-snippet:-1, max-image-preview:large, max-video-preview:-1\" \/>\n<link rel=\"canonical\" href=\"https:\/\/decodage-bioenergetique.com\/index.php\/liste-des-sujet-accompagnement\/\" \/>\n<meta property=\"og:locale\" content=\"fr_FR\" \/>\n<meta property=\"og:type\" content=\"article\" \/>\n<meta property=\"og:title\" content=\"Liste des sujet et pr\u00e9occupations - decodage-bioenergetique.com\" \/>\n<meta property=\"og:description\" content=\"Voici la liste des sujets pour lesquels mon accompagnement peut constituer une aide significative, voire aboutir \u00e0 la r\u00e9solution Carri\u00e8re bloqu\u00e9e Burn out D\u00e9pression &#8211;\u00a0 Angoisses Manque d&rsquo;\u00e9nergie, neurolepsie Tocs Crise de vie Ne sait pas pourquoi sur Terre, impression\" \/>\n<meta property=\"og:url\" content=\"https:\/\/decodage-bioenergetique.com\/index.php\/liste-des-sujet-accompagnement\/\" \/>\n<meta property=\"og:site_name\" content=\"decodage-bioenergetique.com\" \/>\n<meta property=\"article:modified_time\" content=\"2019-11-03T22:12:57+00:00\" \/>\n<meta name=\"twitter:card\" content=\"summary_large_image\" \/>\n<script type=\"application\/ld+json\" class=\"yoast-schema-graph\">{\"@context\":\"https:\/\/schema.org\",\"@graph\":[{\"@type\":\"WebPage\",\"@id\":\"https:\/\/decodage-bioenergetique.com\/index.php\/liste-des-sujet-accompagnement\/\",\"url\":\"https:\/\/decodage-bioenergetique.com\/index.php\/liste-des-sujet-accompagnement\/\",\"name\":\"Liste des sujet et pr\u00e9occupations - decodage-bioenergetique.com\",\"isPartOf\":{\"@id\":\"https:\/\/decodage-bioenergetique.com\/#website\"},\"datePublished\":\"2019-11-03T21:54:58+00:00\",\"dateModified\":\"2019-11-03T22:12:57+00:00\",\"breadcrumb\":{\"@id\":\"https:\/\/decodage-bioenergetique.com\/index.php\/liste-des-sujet-accompagnement\/#breadcrumb\"},\"inLanguage\":\"fr-FR\",\"potentialAction\":[{\"@type\":\"ReadAction\",\"target\":[\"https:\/\/decodage-bioenergetique.com\/index.php\/liste-des-sujet-accompagnement\/\"]}]},{\"@type\":\"BreadcrumbList\",\"@id\":\"https:\/\/decodage-bioenergetique.com\/index.php\/liste-des-sujet-accompagnement\/#breadcrumb\",\"itemListElement\":[{\"@type\":\"ListItem\",\"position\":1,\"name\":\"Accueil\",\"item\":\"https:\/\/decodage-bioenergetique.com\/\"},{\"@type\":\"ListItem\",\"position\":2,\"name\":\"Liste des sujet et pr\u00e9occupations\"}]},{\"@type\":\"WebSite\",\"@id\":\"https:\/\/decodage-bioenergetique.com\/#website\",\"url\":\"https:\/\/decodage-bioenergetique.com\/\",\"name\":\"decodage-bioenergetique.com\",\"description\":\"\",\"potentialAction\":[{\"@type\":\"SearchAction\",\"target\":{\"@type\":\"EntryPoint\",\"urlTemplate\":\"https:\/\/decodage-bioenergetique.com\/?s={search_term_string}\"},\"query-input\":\"required name=search_term_string\"}],\"inLanguage\":\"fr-FR\"}]}<\/script>\n<!-- \/ Yoast SEO plugin. -->","yoast_head_json":{"title":"Liste des sujet et pr\u00e9occupations - decodage-bioenergetique.com","robots":{"index":"index","follow":"follow","max-snippet":"max-snippet:-1","max-image-preview":"max-image-preview:large","max-video-preview":"max-video-preview:-1"},"canonical":"https:\/\/decodage-bioenergetique.com\/index.php\/liste-des-sujet-accompagnement\/","og_locale":"fr_FR","og_type":"article","og_title":"Liste des sujet et pr\u00e9occupations - decodage-bioenergetique.com","og_description":"Voici la liste des sujets pour lesquels mon accompagnement peut constituer une aide significative, voire aboutir \u00e0 la r\u00e9solution Carri\u00e8re bloqu\u00e9e Burn out D\u00e9pression &#8211;\u00a0 Angoisses Manque d&rsquo;\u00e9nergie, neurolepsie Tocs Crise de vie Ne sait pas pourquoi sur Terre, impression","og_url":"https:\/\/decodage-bioenergetique.com\/index.php\/liste-des-sujet-accompagnement\/","og_site_name":"decodage-bioenergetique.com","article_modified_time":"2019-11-03T22:12:57+00:00","twitter_card":"summary_large_image","schema":{"@context":"https:\/\/schema.org","@graph":[{"@type":"WebPage","@id":"https:\/\/decodage-bioenergetique.com\/index.php\/liste-des-sujet-accompagnement\/","url":"https:\/\/decodage-bioenergetique.com\/index.php\/liste-des-sujet-accompagnement\/","name":"Liste des sujet et pr\u00e9occupations - decodage-bioenergetique.com","isPartOf":{"@id":"https:\/\/decodage-bioenergetique.com\/#website"},"datePublished":"2019-11-03T21:54:58+00:00","dateModified":"2019-11-03T22:12:57+00:00","breadcrumb":{"@id":"https:\/\/decodage-bioenergetique.com\/index.php\/liste-des-sujet-accompagnement\/#breadcrumb"},"inLanguage":"fr-FR","potentialAction":[{"@type":"ReadAction","target":["https:\/\/decodage-bioenergetique.com\/index.php\/liste-des-sujet-accompagnement\/"]}]},{"@type":"BreadcrumbList","@id":"https:\/\/decodage-bioenergetique.com\/index.php\/liste-des-sujet-accompagnement\/#breadcrumb","itemListElement":[{"@type":"ListItem","position":1,"name":"Accueil","item":"https:\/\/decodage-bioenergetique.com\/"},{"@type":"ListItem","position":2,"name":"Liste des sujet et pr\u00e9occupations"}]},{"@type":"WebSite","@id":"https:\/\/decodage-bioenergetique.com\/#website","url":"https:\/\/decodage-bioenergetique.com\/","name":"decodage-bioenergetique.com","description":"","potentialAction":[{"@type":"SearchAction","target":{"@type":"EntryPoint","urlTemplate":"https:\/\/decodage-bioenergetique.com\/?s={search_term_string}"},"query-input":"required name=search_term_string"}],"inLanguage":"fr-FR"}]}},"_links":{"self":[{"href":"https:\/\/decodage-bioenergetique.com\/index.php\/wp-json\/wp\/v2\/pages\/3789"}],"collection":[{"href":"https:\/\/decodage-bioenergetique.com\/index.php\/wp-json\/wp\/v2\/pages"}],"about":[{"href":"https:\/\/decodage-bioenergetique.com\/index.php\/wp-json\/wp\/v2\/types\/page"}],"author":[{"embeddable":true,"href":"https:\/\/decodage-bioenergetique.com\/index.php\/wp-json\/wp\/v2\/users\/15"}],"replies":[{"embeddable":true,"href":"https:\/\/decodage-bioenergetique.com\/index.php\/wp-json\/wp\/v2\/comments?post=3789"}],"version-history":[{"count":0,"href":"https:\/\/decodage-bioenergetique.com\/index.php\/wp-json\/wp\/v2\/pages\/3789\/revisions"}],"wp:attachment":[{"href":"https:\/\/decodage-bioenergetique.com\/index.php\/wp-json\/wp\/v2\/media?parent=3789"}],"curies":[{"name":"wp","href":"https:\/\/api.w.org\/{rel}","templated":true}]}}