{"id":3858,"date":"2019-11-09T20:45:01","date_gmt":"2019-11-09T19:45:01","guid":{"rendered":"https:\/\/decodage-bioenergetique.com\/?page_id=3858"},"modified":"2020-01-08T17:16:38","modified_gmt":"2020-01-08T16:16:38","slug":"abondance","status":"publish","type":"page","link":"https:\/\/decodage-bioenergetique.com\/index.php\/abondance\/","title":{"rendered":"Vid\u00e9os sur l&rsquo;abondance"},"content":{"rendered":"<h5>C&rsquo;est un premier jet &#8230; provisoire &#8230; mais qui annonce la couleur<\/h5>\n<p><video controls=\"controls\" width=\"524\" height=\"368\"><source src=\"https:\/\/homobioenergeticus.com\/videos\/abondance\/abondance_verseau.mp4\" type=\"video\/mp4\" \/><\/video><\/p>\n<h5>L&rsquo;abondance et l&rsquo;entr\u00e9e dans l&rsquo;\u00e8re du verseau<\/h5>\n<p>&nbsp;<\/p>\n<p><video controls=\"controls\" width=\"524\" height=\"368\"><source src=\"https:\/\/homobioenergeticus.com\/videos\/abondance\/abondance_dualite.mp4\" type=\"video\/mp4\" \/><\/video><\/p>\n<h5>L&rsquo;abondance et la dualit\u00e9 riche-pauvre<\/h5>\n<p>&nbsp;<\/p>\n<p><video controls=\"controls\" width=\"524\" height=\"368\"><source src=\"https:\/\/homobioenergeticus.com\/videos\/abondance\/abondance_monocouche.mp4\" type=\"video\/mp4\" \/><\/video><\/p>\n<h5>Abondance et la peinture \u00ab\u00a0monocouche\u00a0\u00bb<\/h5>\n<p>&nbsp;<\/p>\n<p><video controls=\"controls\" width=\"524\" height=\"368\"><source src=\"https:\/\/homobioenergeticus.com\/videos\/abondance\/abondance_atg.mp4\" type=\"video\/mp4\" \/><\/video><\/p>\n<h5>Abondance et la programmation transg\u00e9n\u00e9rationnelle<\/h5>\n<p>&nbsp;<\/p>\n<p><video controls=\"controls\" width=\"524\" height=\"368\"><source src=\"https:\/\/homobioenergeticus.com\/videos\/abondance\/abondance_grov.mp4\" type=\"video\/mp4\" \/><\/video><\/p>\n<h5>L&rsquo;abondance et l&rsquo;id\u00e9e premi\u00e8re de notre incarnation<\/h5>\n<p>&nbsp;<\/p>\n","protected":false},"excerpt":{"rendered":"<p>C&rsquo;est un premier jet &#8230; provisoire &#8230; mais qui annonce la couleur L&rsquo;abondance et l&rsquo;entr\u00e9e dans l&rsquo;\u00e8re du verseau &nbsp; L&rsquo;abondance et la dualit\u00e9 riche-pauvre &nbsp; Abondance et la peinture \u00ab\u00a0monocouche\u00a0\u00bb &nbsp; Abondance et la programmation transg\u00e9n\u00e9rationnelle &nbsp; L&rsquo;abondance et<\/p>\n","protected":false},"author":15,"featured_media":0,"parent":0,"menu_order":0,"comment_status":"closed","ping_status":"closed","template":"","meta":[],"yoast_head":"<!-- This site is optimized with the Yoast SEO plugin v19.13 - https:\/\/yoast.com\/wordpress\/plugins\/seo\/ -->\n<title>Vid\u00e9os sur l&#039;abondance - decodage-bioenergetique.com<\/title>\n<meta name=\"robots\" content=\"index, follow, max-snippet:-1, max-image-preview:large, max-video-preview:-1\" \/>\n<link rel=\"canonical\" href=\"https:\/\/decodage-bioenergetique.com\/index.php\/abondance\/\" \/>\n<meta property=\"og:locale\" content=\"fr_FR\" \/>\n<meta property=\"og:type\" content=\"article\" \/>\n<meta property=\"og:title\" content=\"Vid\u00e9os sur l&#039;abondance - decodage-bioenergetique.com\" \/>\n<meta property=\"og:description\" content=\"C&rsquo;est un premier jet &#8230; provisoire &#8230; mais qui annonce la couleur L&rsquo;abondance et l&rsquo;entr\u00e9e dans l&rsquo;\u00e8re du verseau &nbsp; L&rsquo;abondance et la dualit\u00e9 riche-pauvre &nbsp; Abondance et la peinture \u00ab\u00a0monocouche\u00a0\u00bb &nbsp; Abondance et la programmation transg\u00e9n\u00e9rationnelle &nbsp; L&rsquo;abondance et\" \/>\n<meta property=\"og:url\" content=\"https:\/\/decodage-bioenergetique.com\/index.php\/abondance\/\" \/>\n<meta property=\"og:site_name\" content=\"decodage-bioenergetique.com\" \/>\n<meta property=\"article:modified_time\" content=\"2020-01-08T16:16:38+00:00\" \/>\n<meta name=\"twitter:card\" content=\"summary_large_image\" \/>\n<script type=\"application\/ld+json\" class=\"yoast-schema-graph\">{\"@context\":\"https:\/\/schema.org\",\"@graph\":[{\"@type\":\"WebPage\",\"@id\":\"https:\/\/decodage-bioenergetique.com\/index.php\/abondance\/\",\"url\":\"https:\/\/decodage-bioenergetique.com\/index.php\/abondance\/\",\"name\":\"Vid\u00e9os sur l'abondance - decodage-bioenergetique.com\",\"isPartOf\":{\"@id\":\"https:\/\/decodage-bioenergetique.com\/#website\"},\"datePublished\":\"2019-11-09T19:45:01+00:00\",\"dateModified\":\"2020-01-08T16:16:38+00:00\",\"breadcrumb\":{\"@id\":\"https:\/\/decodage-bioenergetique.com\/index.php\/abondance\/#breadcrumb\"},\"inLanguage\":\"fr-FR\",\"potentialAction\":[{\"@type\":\"ReadAction\",\"target\":[\"https:\/\/decodage-bioenergetique.com\/index.php\/abondance\/\"]}]},{\"@type\":\"BreadcrumbList\",\"@id\":\"https:\/\/decodage-bioenergetique.com\/index.php\/abondance\/#breadcrumb\",\"itemListElement\":[{\"@type\":\"ListItem\",\"position\":1,\"name\":\"Accueil\",\"item\":\"https:\/\/decodage-bioenergetique.com\/\"},{\"@type\":\"ListItem\",\"position\":2,\"name\":\"Vid\u00e9os sur l&rsquo;abondance\"}]},{\"@type\":\"WebSite\",\"@id\":\"https:\/\/decodage-bioenergetique.com\/#website\",\"url\":\"https:\/\/decodage-bioenergetique.com\/\",\"name\":\"decodage-bioenergetique.com\",\"description\":\"\",\"potentialAction\":[{\"@type\":\"SearchAction\",\"target\":{\"@type\":\"EntryPoint\",\"urlTemplate\":\"https:\/\/decodage-bioenergetique.com\/?s={search_term_string}\"},\"query-input\":\"required name=search_term_string\"}],\"inLanguage\":\"fr-FR\"}]}<\/script>\n<!-- \/ Yoast SEO plugin. -->","yoast_head_json":{"title":"Vid\u00e9os sur l'abondance - decodage-bioenergetique.com","robots":{"index":"index","follow":"follow","max-snippet":"max-snippet:-1","max-image-preview":"max-image-preview:large","max-video-preview":"max-video-preview:-1"},"canonical":"https:\/\/decodage-bioenergetique.com\/index.php\/abondance\/","og_locale":"fr_FR","og_type":"article","og_title":"Vid\u00e9os sur l'abondance - decodage-bioenergetique.com","og_description":"C&rsquo;est un premier jet &#8230; provisoire &#8230; mais qui annonce la couleur L&rsquo;abondance et l&rsquo;entr\u00e9e dans l&rsquo;\u00e8re du verseau &nbsp; L&rsquo;abondance et la dualit\u00e9 riche-pauvre &nbsp; Abondance et la peinture \u00ab\u00a0monocouche\u00a0\u00bb &nbsp; Abondance et la programmation transg\u00e9n\u00e9rationnelle &nbsp; L&rsquo;abondance et","og_url":"https:\/\/decodage-bioenergetique.com\/index.php\/abondance\/","og_site_name":"decodage-bioenergetique.com","article_modified_time":"2020-01-08T16:16:38+00:00","twitter_card":"summary_large_image","schema":{"@context":"https:\/\/schema.org","@graph":[{"@type":"WebPage","@id":"https:\/\/decodage-bioenergetique.com\/index.php\/abondance\/","url":"https:\/\/decodage-bioenergetique.com\/index.php\/abondance\/","name":"Vid\u00e9os sur l'abondance - decodage-bioenergetique.com","isPartOf":{"@id":"https:\/\/decodage-bioenergetique.com\/#website"},"datePublished":"2019-11-09T19:45:01+00:00","dateModified":"2020-01-08T16:16:38+00:00","breadcrumb":{"@id":"https:\/\/decodage-bioenergetique.com\/index.php\/abondance\/#breadcrumb"},"inLanguage":"fr-FR","potentialAction":[{"@type":"ReadAction","target":["https:\/\/decodage-bioenergetique.com\/index.php\/abondance\/"]}]},{"@type":"BreadcrumbList","@id":"https:\/\/decodage-bioenergetique.com\/index.php\/abondance\/#breadcrumb","itemListElement":[{"@type":"ListItem","position":1,"name":"Accueil","item":"https:\/\/decodage-bioenergetique.com\/"},{"@type":"ListItem","position":2,"name":"Vid\u00e9os sur l&rsquo;abondance"}]},{"@type":"WebSite","@id":"https:\/\/decodage-bioenergetique.com\/#website","url":"https:\/\/decodage-bioenergetique.com\/","name":"decodage-bioenergetique.com","description":"","potentialAction":[{"@type":"SearchAction","target":{"@type":"EntryPoint","urlTemplate":"https:\/\/decodage-bioenergetique.com\/?s={search_term_string}"},"query-input":"required name=search_term_string"}],"inLanguage":"fr-FR"}]}},"_links":{"self":[{"href":"https:\/\/decodage-bioenergetique.com\/index.php\/wp-json\/wp\/v2\/pages\/3858"}],"collection":[{"href":"https:\/\/decodage-bioenergetique.com\/index.php\/wp-json\/wp\/v2\/pages"}],"about":[{"href":"https:\/\/decodage-bioenergetique.com\/index.php\/wp-json\/wp\/v2\/types\/page"}],"author":[{"embeddable":true,"href":"https:\/\/decodage-bioenergetique.com\/index.php\/wp-json\/wp\/v2\/users\/15"}],"replies":[{"embeddable":true,"href":"https:\/\/decodage-bioenergetique.com\/index.php\/wp-json\/wp\/v2\/comments?post=3858"}],"version-history":[{"count":0,"href":"https:\/\/decodage-bioenergetique.com\/index.php\/wp-json\/wp\/v2\/pages\/3858\/revisions"}],"wp:attachment":[{"href":"https:\/\/decodage-bioenergetique.com\/index.php\/wp-json\/wp\/v2\/media?parent=3858"}],"curies":[{"name":"wp","href":"https:\/\/api.w.org\/{rel}","templated":true}]}}