{"id":5182,"date":"2020-07-07T08:21:06","date_gmt":"2020-07-07T07:21:06","guid":{"rendered":"https:\/\/decodage-bioenergetique.com\/?page_id=5182"},"modified":"2024-04-19T10:13:17","modified_gmt":"2024-04-19T09:13:17","slug":"conferences-ateliers-anv","status":"publish","type":"page","link":"https:\/\/decodage-bioenergetique.com\/index.php\/conferences-ateliers-anv\/","title":{"rendered":"Conf\u00e9rences et Ateliers Acad\u00e9mie de la Nouvelle Vie"},"content":{"rendered":"<style>\n.fond_vert {\nbackground-color: darkkhaki;}\n.blanc{\ncolor: white;}\na:hover {\nbackground-color:#FFFF99;\ncolor:#FF0000;}\n<\/style>\n<h6>10 Attitudes positives pour un printemps rayonnant !<\/h6>\n<div class=\"fond_vert\"><b><a href=\"https:\/\/academienouvellevie.com\/harmonisation-attitude\/\"\" class=\"blanc\">  >> Replay du webinaire du 4 aril 2024 et acc\u00e8s \u00e0 l&rsquo;atelier<\/a><\/div>\n<p>&nbsp;<\/p>\n<h6>Le surpoids serait-il h\u00e9r\u00e9ditaire? Comment se lib\u00e9rer du fardeau. Psychog\u00e9n\u00e9alogie du surpoids<\/h6>\n<div class=\"fond_vert\"><b><a href=\"https:\/\/academienouvellevie.com\/surpoids-transgenerationnel\/\"\" class=\"blanc\">  >> Replay du webinaire du 25 mars 2024 et acc\u00e8s \u00e0 l&rsquo;atelier<\/a><\/div>\n<p>&nbsp;<\/p>\n<h6>Comprendre la d\u00e9pression et en sortir gr\u00e2ce aux cl\u00e9s fournies par l&rsquo;\u00e9nerg\u00e9tique<\/h6>\n<div class=\"fond_vert\"><b><a href=\"https:\/\/academienouvellevie.com\/comprendre-la-depression-et-sortir-grace-a-l-energetiquement\/\"\" class=\"blanc\">  >> Replay du webinaire du 8 f\u00e9vrier 2024 et acc\u00e8s \u00e0 l&rsquo;atelier<\/a><\/div>\n<p>&nbsp;<\/p>\n<\/style>\n<h6>Sortir de la magie et de la sorcellerie: <\/h6>\n<div class=\"fond_vert\"><b><a href=\"https:\/\/academienouvellevie.com\/sortir-de-la-magie-de-la-sorcellerie-se-proteger-de-maniere-efficace\/\"\" class=\"blanc\">  >> Replay du webinaire du jeudi 10 mars et acc\u00e8s \u00e0 l&rsquo;atelier<\/a><\/div>\n<p>&nbsp;<\/p>\n<\/style>\n<h6>Compenser les antennes 4G\/5G: <\/h6>\n<div class=\"fond_vert\"><b><a href=\"https:\/\/academienouvellevie.com\/reduire-la-nocivite-des-antennes-4g-5g-methode-a-la-portee-de-tous?aid=thomedye\"\" class=\"blanc\">  >> Replay du webinaire du 10 f\u00e9vrier et acc\u00e8s \u00e0 l&rsquo;atelier du 15 f\u00e9vrier<\/a><\/div>\n<p>&nbsp;<\/p>\n<\/style>\n<h6>Sortir de la peur et l&rsquo;angoisse: <\/h6>\n<div class=\"fond_vert\"><b><a href=\"https:\/\/academienouvellevie.com\/sortir-de-la-peur-et-de-l-angoisse?aid=thomedye\" class=\"blanc\">  >> Replay du webinaire du 19 Ao\u00fbt et acc\u00e8s \u00e0 l&rsquo;atelier du 27 Ao\u00fbt<\/a><\/div>\n<p>&nbsp;<\/p>\n<h6>Se maintenir en forme sur les 4 plans: <\/h6>\n<div class=\"fond_vert\"><b><a href=\"https:\/\/academienouvellevie.com\/se-maintenir-en-forme-sur-les-quatre-plans?aid=thomedye\" class=\"blanc\">  >> Replay du webinaire du 1er Juillet et atelier du 9 Juillet<\/a><\/div>\n<p>&nbsp;<\/p>\n<h6>Comment atteindre le calme int\u00e9rieur en moins d&rsquo;une minute: <\/h6>\n<div class=\"fond_vert\"><b><a href=\"https:\/\/academienouvellevie.com\/la-meditation-urbaine?aid=thomedye\" class=\"blanc\">  >> Replay du webinaire du 5 Mai et atelier du 12 Mai<\/a><\/div>\n<p>&nbsp;<\/p>\n<h6>Comment d\u00e9cupler son immunit\u00e9: <\/h6>\n<div class=\"fond_vert\"><b><a href=\"https:\/\/academienouvellevie.com\/comment-decupler-son-immunite-par-une-action-precise-et-consciente-sur-le-systeme-energetique?aid=thomedye\" class=\"blanc\">  >> Replay du webinaire du 3 Avril et atelier du 9 Avril<\/a><\/div>\n<p>&nbsp;<\/p>\n<div class=\"Popbutton\"><button class=\"popmake-4670\"><b>>>> Acc\u00e9der \u00e0 la m\u00e9ditation de la lumi\u00e8re int\u00e9rieure<\/b><\/button><\/div>\n","protected":false},"excerpt":{"rendered":"<p>10 Attitudes positives pour un printemps rayonnant ! >> Replay du webinaire du 25 mars 2024 et acc\u00e8s \u00e0 l&rsquo;atelier &nbsp; Comprendre la d\u00e9pression et en sortir gr\u00e2ce aux cl\u00e9s fournies par l&rsquo;\u00e9nerg\u00e9tique >> Replay du webinaire du jeudi 10<\/p>\n","protected":false},"author":15,"featured_media":0,"parent":0,"menu_order":0,"comment_status":"closed","ping_status":"closed","template":"","meta":[],"yoast_head":"<!-- This site is optimized with the Yoast SEO plugin v19.13 - https:\/\/yoast.com\/wordpress\/plugins\/seo\/ -->\n<title>Conf\u00e9rences et Ateliers Acad\u00e9mie de la Nouvelle Vie - decodage-bioenergetique.com<\/title>\n<meta name=\"robots\" content=\"index, follow, max-snippet:-1, max-image-preview:large, max-video-preview:-1\" \/>\n<link rel=\"canonical\" href=\"https:\/\/decodage-bioenergetique.com\/index.php\/conferences-ateliers-anv\/\" \/>\n<meta property=\"og:locale\" content=\"fr_FR\" \/>\n<meta property=\"og:type\" content=\"article\" \/>\n<meta property=\"og:title\" content=\"Conf\u00e9rences et Ateliers Acad\u00e9mie de la Nouvelle Vie - decodage-bioenergetique.com\" \/>\n<meta property=\"og:description\" content=\"10 Attitudes positives pour un printemps rayonnant ! &gt;&gt; Replay du webinaire du 25 mars 2024 et acc\u00e8s \u00e0 l&rsquo;atelier &nbsp; Comprendre la d\u00e9pression et en sortir gr\u00e2ce aux cl\u00e9s fournies par l&rsquo;\u00e9nerg\u00e9tique &gt;&gt; Replay du webinaire du jeudi 10\" \/>\n<meta property=\"og:url\" content=\"https:\/\/decodage-bioenergetique.com\/index.php\/conferences-ateliers-anv\/\" \/>\n<meta property=\"og:site_name\" content=\"decodage-bioenergetique.com\" \/>\n<meta property=\"article:modified_time\" content=\"2024-04-19T09:13:17+00:00\" \/>\n<meta name=\"twitter:card\" content=\"summary_large_image\" \/>\n<meta name=\"twitter:label1\" content=\"Dur\u00e9e de lecture estim\u00e9e\" \/>\n\t<meta name=\"twitter:data1\" content=\"1 minute\" \/>\n<script type=\"application\/ld+json\" class=\"yoast-schema-graph\">{\"@context\":\"https:\/\/schema.org\",\"@graph\":[{\"@type\":\"WebPage\",\"@id\":\"https:\/\/decodage-bioenergetique.com\/index.php\/conferences-ateliers-anv\/\",\"url\":\"https:\/\/decodage-bioenergetique.com\/index.php\/conferences-ateliers-anv\/\",\"name\":\"Conf\u00e9rences et Ateliers Acad\u00e9mie de la Nouvelle Vie - decodage-bioenergetique.com\",\"isPartOf\":{\"@id\":\"https:\/\/decodage-bioenergetique.com\/#website\"},\"datePublished\":\"2020-07-07T07:21:06+00:00\",\"dateModified\":\"2024-04-19T09:13:17+00:00\",\"breadcrumb\":{\"@id\":\"https:\/\/decodage-bioenergetique.com\/index.php\/conferences-ateliers-anv\/#breadcrumb\"},\"inLanguage\":\"fr-FR\",\"potentialAction\":[{\"@type\":\"ReadAction\",\"target\":[\"https:\/\/decodage-bioenergetique.com\/index.php\/conferences-ateliers-anv\/\"]}]},{\"@type\":\"BreadcrumbList\",\"@id\":\"https:\/\/decodage-bioenergetique.com\/index.php\/conferences-ateliers-anv\/#breadcrumb\",\"itemListElement\":[{\"@type\":\"ListItem\",\"position\":1,\"name\":\"Accueil\",\"item\":\"https:\/\/decodage-bioenergetique.com\/\"},{\"@type\":\"ListItem\",\"position\":2,\"name\":\"Conf\u00e9rences et Ateliers Acad\u00e9mie de la Nouvelle Vie\"}]},{\"@type\":\"WebSite\",\"@id\":\"https:\/\/decodage-bioenergetique.com\/#website\",\"url\":\"https:\/\/decodage-bioenergetique.com\/\",\"name\":\"decodage-bioenergetique.com\",\"description\":\"\",\"potentialAction\":[{\"@type\":\"SearchAction\",\"target\":{\"@type\":\"EntryPoint\",\"urlTemplate\":\"https:\/\/decodage-bioenergetique.com\/?s={search_term_string}\"},\"query-input\":\"required name=search_term_string\"}],\"inLanguage\":\"fr-FR\"}]}<\/script>\n<!-- \/ Yoast SEO plugin. -->","yoast_head_json":{"title":"Conf\u00e9rences et Ateliers Acad\u00e9mie de la Nouvelle Vie - decodage-bioenergetique.com","robots":{"index":"index","follow":"follow","max-snippet":"max-snippet:-1","max-image-preview":"max-image-preview:large","max-video-preview":"max-video-preview:-1"},"canonical":"https:\/\/decodage-bioenergetique.com\/index.php\/conferences-ateliers-anv\/","og_locale":"fr_FR","og_type":"article","og_title":"Conf\u00e9rences et Ateliers Acad\u00e9mie de la Nouvelle Vie - decodage-bioenergetique.com","og_description":"10 Attitudes positives pour un printemps rayonnant ! >> Replay du webinaire du 25 mars 2024 et acc\u00e8s \u00e0 l&rsquo;atelier &nbsp; Comprendre la d\u00e9pression et en sortir gr\u00e2ce aux cl\u00e9s fournies par l&rsquo;\u00e9nerg\u00e9tique >> Replay du webinaire du jeudi 10","og_url":"https:\/\/decodage-bioenergetique.com\/index.php\/conferences-ateliers-anv\/","og_site_name":"decodage-bioenergetique.com","article_modified_time":"2024-04-19T09:13:17+00:00","twitter_card":"summary_large_image","twitter_misc":{"Dur\u00e9e de lecture estim\u00e9e":"1 minute"},"schema":{"@context":"https:\/\/schema.org","@graph":[{"@type":"WebPage","@id":"https:\/\/decodage-bioenergetique.com\/index.php\/conferences-ateliers-anv\/","url":"https:\/\/decodage-bioenergetique.com\/index.php\/conferences-ateliers-anv\/","name":"Conf\u00e9rences et Ateliers Acad\u00e9mie de la Nouvelle Vie - decodage-bioenergetique.com","isPartOf":{"@id":"https:\/\/decodage-bioenergetique.com\/#website"},"datePublished":"2020-07-07T07:21:06+00:00","dateModified":"2024-04-19T09:13:17+00:00","breadcrumb":{"@id":"https:\/\/decodage-bioenergetique.com\/index.php\/conferences-ateliers-anv\/#breadcrumb"},"inLanguage":"fr-FR","potentialAction":[{"@type":"ReadAction","target":["https:\/\/decodage-bioenergetique.com\/index.php\/conferences-ateliers-anv\/"]}]},{"@type":"BreadcrumbList","@id":"https:\/\/decodage-bioenergetique.com\/index.php\/conferences-ateliers-anv\/#breadcrumb","itemListElement":[{"@type":"ListItem","position":1,"name":"Accueil","item":"https:\/\/decodage-bioenergetique.com\/"},{"@type":"ListItem","position":2,"name":"Conf\u00e9rences et Ateliers Acad\u00e9mie de la Nouvelle Vie"}]},{"@type":"WebSite","@id":"https:\/\/decodage-bioenergetique.com\/#website","url":"https:\/\/decodage-bioenergetique.com\/","name":"decodage-bioenergetique.com","description":"","potentialAction":[{"@type":"SearchAction","target":{"@type":"EntryPoint","urlTemplate":"https:\/\/decodage-bioenergetique.com\/?s={search_term_string}"},"query-input":"required name=search_term_string"}],"inLanguage":"fr-FR"}]}},"_links":{"self":[{"href":"https:\/\/decodage-bioenergetique.com\/index.php\/wp-json\/wp\/v2\/pages\/5182"}],"collection":[{"href":"https:\/\/decodage-bioenergetique.com\/index.php\/wp-json\/wp\/v2\/pages"}],"about":[{"href":"https:\/\/decodage-bioenergetique.com\/index.php\/wp-json\/wp\/v2\/types\/page"}],"author":[{"embeddable":true,"href":"https:\/\/decodage-bioenergetique.com\/index.php\/wp-json\/wp\/v2\/users\/15"}],"replies":[{"embeddable":true,"href":"https:\/\/decodage-bioenergetique.com\/index.php\/wp-json\/wp\/v2\/comments?post=5182"}],"version-history":[{"count":0,"href":"https:\/\/decodage-bioenergetique.com\/index.php\/wp-json\/wp\/v2\/pages\/5182\/revisions"}],"wp:attachment":[{"href":"https:\/\/decodage-bioenergetique.com\/index.php\/wp-json\/wp\/v2\/media?parent=5182"}],"curies":[{"name":"wp","href":"https:\/\/api.w.org\/{rel}","templated":true}]}}