{"id":539,"date":"2016-01-10T00:26:03","date_gmt":"2016-01-09T23:26:03","guid":{"rendered":"http:\/\/decodage-bioenergetique.com\/?page_id=539"},"modified":"2024-04-26T08:06:17","modified_gmt":"2024-04-26T07:06:17","slug":"qui-suis-je","status":"publish","type":"page","link":"https:\/\/decodage-bioenergetique.com\/index.php\/qui-suis-je\/","title":{"rendered":"Qui suis-je \/ contact"},"content":{"rendered":"<h6><b>Thomas Edye<\/b> est praticien, auteur et formateur en g\u00e9obiologue et bio-\u00e9nerg\u00e9tique, cr\u00e9ateur du d\u00e9codage bio\u00e9nerg\u00e9tique et cr\u00e9ateur de la lib\u00e9ration des m\u00e9moires tissulaires<\/h6>\n<div class=\"Popbutton\"><button class=\"popmake-4307\"><b>Me contacter<\/b><\/button><\/div>\n<table border=\"0\" width=\"100%\">\n<tbody>\n<tr>\n<td width=\"182\"><img src=\"https:\/\/decodage-bioenergetique.com\/wp-content\/uploads\/2024\/01\/portrait_2015.jpg\" alt=\"Thomas Edye\"><\/td>\n<td>\n<p>Disposant d&rsquo;une formation de base d&rsquo;universitaire et d&rsquo;ing\u00e9nieur, ma sensibilit\u00e9 et mon ouverture m&rsquo;ont pouss\u00e9 vers l&rsquo;exploration des aspects invisibles et \u00e9nerg\u00e9tiques de la Vie. Mon approche est bas\u00e9e sur l&rsquo;int\u00e9gration de mes facult\u00e9s extrasensorielles et s&rsquo;appuie sur une connaissance approfondie des plans \u00e9nerg\u00e9tiques, notamment le corps mental. Ma nature de penseur rigoureux et logique, alli\u00e9 \u00e0 la capacit\u00e9 d&rsquo;acc\u00e9der \u00e0 des champs d&rsquo;information inexplor\u00e9es, m&rsquo;ont amen\u00e9 \u00e0 repousser les limites de la connaissance de la vie et de d\u00e9couvrir des m\u00e9thodes in\u00e9dites qui permettant de se reconnecter \u00e0 l&rsquo;\u00eatre que nous sommes r\u00e9ellement et de se lib\u00e9rer de l&rsquo;impact des miasmes introduits, entre autres, par les souffrances de nos incarnations ant\u00e9rieures. Mon exp\u00e9rience professionnelle s&rsquo;est constitu\u00e9e sur vingt ans de pratique<\/p>\n<\/td>\n<\/tr>\n<\/tbody>\n<\/table>\n<p>Je suis auteur de trois ouvrages ainsi de plusieurs livres num\u00e9riques.<br \/>\n&#8211;  Les arch\u00e9types transg\u00e9n\u00e9rationnels, une approche \u00e9nerg\u00e9tiques, Ed Souffle d&rsquo;Or 2011<br \/>\n&#8211;  R\u00e9alit\u00e9s \u00e9nerg\u00e9tiques, Guide pratique, Ed. Souffle d&rsquo;Or 2012<br \/>\n&#8211;  Les Gardiens du Karma, Ed. Ada Inc. 2018<\/p>\n","protected":false},"excerpt":{"rendered":"<p>Thomas Edye est praticien, auteur et formateur en g\u00e9obiologue et bio-\u00e9nerg\u00e9tique, cr\u00e9ateur du d\u00e9codage bio\u00e9nerg\u00e9tique et cr\u00e9ateur de la lib\u00e9ration des m\u00e9moires tissulaires Me contacter Disposant d&rsquo;une formation de base d&rsquo;universitaire et d&rsquo;ing\u00e9nieur, ma sensibilit\u00e9 et mon ouverture m&rsquo;ont pouss\u00e9<\/p>\n","protected":false},"author":15,"featured_media":0,"parent":0,"menu_order":0,"comment_status":"closed","ping_status":"closed","template":"","meta":[],"yoast_head":"<!-- This site is optimized with the Yoast SEO plugin v19.13 - https:\/\/yoast.com\/wordpress\/plugins\/seo\/ -->\n<title>Qui suis-je \/ contact - decodage-bioenergetique.com<\/title>\n<meta name=\"robots\" content=\"index, follow, max-snippet:-1, max-image-preview:large, max-video-preview:-1\" \/>\n<link rel=\"canonical\" href=\"https:\/\/decodage-bioenergetique.com\/index.php\/qui-suis-je\/\" \/>\n<meta property=\"og:locale\" content=\"fr_FR\" \/>\n<meta property=\"og:type\" content=\"article\" \/>\n<meta property=\"og:title\" content=\"Qui suis-je \/ contact - decodage-bioenergetique.com\" \/>\n<meta property=\"og:description\" content=\"Thomas Edye est praticien, auteur et formateur en g\u00e9obiologue et bio-\u00e9nerg\u00e9tique, cr\u00e9ateur du d\u00e9codage bio\u00e9nerg\u00e9tique et cr\u00e9ateur de la lib\u00e9ration des m\u00e9moires tissulaires Me contacter Disposant d&rsquo;une formation de base d&rsquo;universitaire et d&rsquo;ing\u00e9nieur, ma sensibilit\u00e9 et mon ouverture m&rsquo;ont pouss\u00e9\" \/>\n<meta property=\"og:url\" content=\"https:\/\/decodage-bioenergetique.com\/index.php\/qui-suis-je\/\" \/>\n<meta property=\"og:site_name\" content=\"decodage-bioenergetique.com\" \/>\n<meta property=\"article:modified_time\" content=\"2024-04-26T07:06:17+00:00\" \/>\n<meta property=\"og:image\" content=\"https:\/\/decodage-bioenergetique.com\/wp-content\/uploads\/2024\/01\/portrait_2015.jpg\" \/>\n<meta name=\"twitter:card\" content=\"summary_large_image\" \/>\n<meta name=\"twitter:label1\" content=\"Dur\u00e9e de lecture estim\u00e9e\" \/>\n\t<meta name=\"twitter:data1\" content=\"2 minutes\" \/>\n<script type=\"application\/ld+json\" class=\"yoast-schema-graph\">{\"@context\":\"https:\/\/schema.org\",\"@graph\":[{\"@type\":\"WebPage\",\"@id\":\"https:\/\/decodage-bioenergetique.com\/index.php\/qui-suis-je\/\",\"url\":\"https:\/\/decodage-bioenergetique.com\/index.php\/qui-suis-je\/\",\"name\":\"Qui suis-je \/ contact - decodage-bioenergetique.com\",\"isPartOf\":{\"@id\":\"https:\/\/decodage-bioenergetique.com\/#website\"},\"datePublished\":\"2016-01-09T23:26:03+00:00\",\"dateModified\":\"2024-04-26T07:06:17+00:00\",\"breadcrumb\":{\"@id\":\"https:\/\/decodage-bioenergetique.com\/index.php\/qui-suis-je\/#breadcrumb\"},\"inLanguage\":\"fr-FR\",\"potentialAction\":[{\"@type\":\"ReadAction\",\"target\":[\"https:\/\/decodage-bioenergetique.com\/index.php\/qui-suis-je\/\"]}]},{\"@type\":\"BreadcrumbList\",\"@id\":\"https:\/\/decodage-bioenergetique.com\/index.php\/qui-suis-je\/#breadcrumb\",\"itemListElement\":[{\"@type\":\"ListItem\",\"position\":1,\"name\":\"Accueil\",\"item\":\"https:\/\/decodage-bioenergetique.com\/\"},{\"@type\":\"ListItem\",\"position\":2,\"name\":\"Qui suis-je \/ contact\"}]},{\"@type\":\"WebSite\",\"@id\":\"https:\/\/decodage-bioenergetique.com\/#website\",\"url\":\"https:\/\/decodage-bioenergetique.com\/\",\"name\":\"decodage-bioenergetique.com\",\"description\":\"\",\"potentialAction\":[{\"@type\":\"SearchAction\",\"target\":{\"@type\":\"EntryPoint\",\"urlTemplate\":\"https:\/\/decodage-bioenergetique.com\/?s={search_term_string}\"},\"query-input\":\"required name=search_term_string\"}],\"inLanguage\":\"fr-FR\"}]}<\/script>\n<!-- \/ Yoast SEO plugin. -->","yoast_head_json":{"title":"Qui suis-je \/ contact - decodage-bioenergetique.com","robots":{"index":"index","follow":"follow","max-snippet":"max-snippet:-1","max-image-preview":"max-image-preview:large","max-video-preview":"max-video-preview:-1"},"canonical":"https:\/\/decodage-bioenergetique.com\/index.php\/qui-suis-je\/","og_locale":"fr_FR","og_type":"article","og_title":"Qui suis-je \/ contact - decodage-bioenergetique.com","og_description":"Thomas Edye est praticien, auteur et formateur en g\u00e9obiologue et bio-\u00e9nerg\u00e9tique, cr\u00e9ateur du d\u00e9codage bio\u00e9nerg\u00e9tique et cr\u00e9ateur de la lib\u00e9ration des m\u00e9moires tissulaires Me contacter Disposant d&rsquo;une formation de base d&rsquo;universitaire et d&rsquo;ing\u00e9nieur, ma sensibilit\u00e9 et mon ouverture m&rsquo;ont pouss\u00e9","og_url":"https:\/\/decodage-bioenergetique.com\/index.php\/qui-suis-je\/","og_site_name":"decodage-bioenergetique.com","article_modified_time":"2024-04-26T07:06:17+00:00","og_image":[{"url":"https:\/\/decodage-bioenergetique.com\/wp-content\/uploads\/2024\/01\/portrait_2015.jpg"}],"twitter_card":"summary_large_image","twitter_misc":{"Dur\u00e9e de lecture estim\u00e9e":"2 minutes"},"schema":{"@context":"https:\/\/schema.org","@graph":[{"@type":"WebPage","@id":"https:\/\/decodage-bioenergetique.com\/index.php\/qui-suis-je\/","url":"https:\/\/decodage-bioenergetique.com\/index.php\/qui-suis-je\/","name":"Qui suis-je \/ contact - decodage-bioenergetique.com","isPartOf":{"@id":"https:\/\/decodage-bioenergetique.com\/#website"},"datePublished":"2016-01-09T23:26:03+00:00","dateModified":"2024-04-26T07:06:17+00:00","breadcrumb":{"@id":"https:\/\/decodage-bioenergetique.com\/index.php\/qui-suis-je\/#breadcrumb"},"inLanguage":"fr-FR","potentialAction":[{"@type":"ReadAction","target":["https:\/\/decodage-bioenergetique.com\/index.php\/qui-suis-je\/"]}]},{"@type":"BreadcrumbList","@id":"https:\/\/decodage-bioenergetique.com\/index.php\/qui-suis-je\/#breadcrumb","itemListElement":[{"@type":"ListItem","position":1,"name":"Accueil","item":"https:\/\/decodage-bioenergetique.com\/"},{"@type":"ListItem","position":2,"name":"Qui suis-je \/ contact"}]},{"@type":"WebSite","@id":"https:\/\/decodage-bioenergetique.com\/#website","url":"https:\/\/decodage-bioenergetique.com\/","name":"decodage-bioenergetique.com","description":"","potentialAction":[{"@type":"SearchAction","target":{"@type":"EntryPoint","urlTemplate":"https:\/\/decodage-bioenergetique.com\/?s={search_term_string}"},"query-input":"required name=search_term_string"}],"inLanguage":"fr-FR"}]}},"_links":{"self":[{"href":"https:\/\/decodage-bioenergetique.com\/index.php\/wp-json\/wp\/v2\/pages\/539"}],"collection":[{"href":"https:\/\/decodage-bioenergetique.com\/index.php\/wp-json\/wp\/v2\/pages"}],"about":[{"href":"https:\/\/decodage-bioenergetique.com\/index.php\/wp-json\/wp\/v2\/types\/page"}],"author":[{"embeddable":true,"href":"https:\/\/decodage-bioenergetique.com\/index.php\/wp-json\/wp\/v2\/users\/15"}],"replies":[{"embeddable":true,"href":"https:\/\/decodage-bioenergetique.com\/index.php\/wp-json\/wp\/v2\/comments?post=539"}],"version-history":[{"count":0,"href":"https:\/\/decodage-bioenergetique.com\/index.php\/wp-json\/wp\/v2\/pages\/539\/revisions"}],"wp:attachment":[{"href":"https:\/\/decodage-bioenergetique.com\/index.php\/wp-json\/wp\/v2\/media?parent=539"}],"curies":[{"name":"wp","href":"https:\/\/api.w.org\/{rel}","templated":true}]}}