{"id":7502,"date":"2024-03-11T10:38:38","date_gmt":"2024-03-11T09:38:38","guid":{"rendered":"https:\/\/decodage-bioenergetique.com\/?page_id=7502"},"modified":"2024-03-11T11:05:06","modified_gmt":"2024-03-11T10:05:06","slug":"zoom-formation-visualisation-spontanee","status":"publish","type":"page","link":"https:\/\/decodage-bioenergetique.com\/index.php\/zoom-formation-visualisation-spontanee\/","title":{"rendered":"Visualisation spontan\u00e9e"},"content":{"rendered":"<style>\na:hover {\nbackground-color:#77CC6E;\ncolor:#000000;}\n<\/style>\n<p><img src=\"https:\/\/decodage-bioenergetique.com\/wp-content\/uploads\/2024\/03\/zoom_formation_vis_sp.jpg\" alt=\"Zoom-Formation\" \/><\/p>\n<h6>Formation interactive en 6 modules<\/h6>\n<p><b>Cette formation est ouverte \u00e0 toute personne disposant un minimum de sensibilit\u00e9 <\/b><\/p>\n<p><b>&#8211; Chaque module comprend une partie interactive et un travail pratique \u00e0 effectuer chez soi<\/b><\/p>\n<p><b>&#8211; La partie interactive se d\u00e9roule de mani\u00e8re bi-mensuelle via Zoom les lundi soir, \u00e0 20h30. Elle dure environ deux heures. Un replay est accessible un ou deux jours apr\u00e8s<br \/>\n<b>&#8211; Le Forum mis en place pour cette formation permet de consigner le travail personnel entre les modules et d&rsquo;\u00e9changer avec les autres participants<br \/>\n<b>&#8211; Les dates des sessions interactives sont les lundis 15 et 29 avril, 4 et 18 Avril, 13 et 27 Mai p 10 et le 24 juin 2024 <\/b><br \/>\n<b>&#8211; Le nombre de participants est limit\u00e9 \u00e0  10 <\/b><br \/>\n<b>&#8211; Durant la session interactive, je suis en mesure de coacher les participant en fonction de leurs besoins. Les participant sont invit\u00e9s \u00e0 partager leur exp\u00e9rience et leur ressenti en direct.<\/b><br \/>\n<b>&#8211; Objectif de la formation : Chaque participant saura lui-m\u00eame cr\u00e9er des visualisations spontan\u00e9es pour ses besoins, et pour les besoins d&rsquo;autrui et disposer de quelques outils pour agir sur le subconscient <\/b><\/p>\n<p><b>&#8211; Pr\u00e9 requis: aucun<\/b><\/p>\n<p><b>&#8211; Prix de la formation:  267\u20ac <\/b><\/p>\n<div class=\"Popbutton\"><button class=\"popmake-998\"><b>Afficher le contenu des modules<\/b><\/button><\/div>\n<div class=\"Popbutton\"><button class=\"popmake-1004\"><b>S&rsquo;inscrire \u00e0 la formation<\/b><\/button><\/div>\n","protected":false},"excerpt":{"rendered":"<p>Formation interactive en 6 modules Cette formation est ouverte \u00e0 toute personne disposant un minimum de sensibilit\u00e9 &#8211; Chaque module comprend une partie interactive et un travail pratique \u00e0 effectuer chez soi &#8211; La partie interactive se d\u00e9roule de mani\u00e8re<\/p>\n","protected":false},"author":15,"featured_media":0,"parent":0,"menu_order":0,"comment_status":"closed","ping_status":"closed","template":"","meta":[],"yoast_head":"<!-- This site is optimized with the Yoast SEO plugin v19.13 - https:\/\/yoast.com\/wordpress\/plugins\/seo\/ -->\n<title>Visualisation spontan\u00e9e - decodage-bioenergetique.com<\/title>\n<meta name=\"robots\" content=\"index, follow, max-snippet:-1, max-image-preview:large, max-video-preview:-1\" \/>\n<link rel=\"canonical\" href=\"https:\/\/decodage-bioenergetique.com\/index.php\/zoom-formation-visualisation-spontanee\/\" \/>\n<meta property=\"og:locale\" content=\"fr_FR\" \/>\n<meta property=\"og:type\" content=\"article\" \/>\n<meta property=\"og:title\" content=\"Visualisation spontan\u00e9e - decodage-bioenergetique.com\" \/>\n<meta property=\"og:description\" content=\"Formation interactive en 6 modules Cette formation est ouverte \u00e0 toute personne disposant un minimum de sensibilit\u00e9 &#8211; Chaque module comprend une partie interactive et un travail pratique \u00e0 effectuer chez soi &#8211; La partie interactive se d\u00e9roule de mani\u00e8re\" \/>\n<meta property=\"og:url\" content=\"https:\/\/decodage-bioenergetique.com\/index.php\/zoom-formation-visualisation-spontanee\/\" \/>\n<meta property=\"og:site_name\" content=\"decodage-bioenergetique.com\" \/>\n<meta property=\"article:modified_time\" content=\"2024-03-11T10:05:06+00:00\" \/>\n<meta property=\"og:image\" content=\"https:\/\/decodage-bioenergetique.com\/wp-content\/uploads\/2024\/03\/zoom_formation_vis_sp.jpg\" \/>\n<meta name=\"twitter:card\" content=\"summary_large_image\" \/>\n<meta name=\"twitter:label1\" content=\"Dur\u00e9e de lecture estim\u00e9e\" \/>\n\t<meta name=\"twitter:data1\" content=\"2 minutes\" \/>\n<script type=\"application\/ld+json\" class=\"yoast-schema-graph\">{\"@context\":\"https:\/\/schema.org\",\"@graph\":[{\"@type\":\"WebPage\",\"@id\":\"https:\/\/decodage-bioenergetique.com\/index.php\/zoom-formation-visualisation-spontanee\/\",\"url\":\"https:\/\/decodage-bioenergetique.com\/index.php\/zoom-formation-visualisation-spontanee\/\",\"name\":\"Visualisation spontan\u00e9e - decodage-bioenergetique.com\",\"isPartOf\":{\"@id\":\"https:\/\/decodage-bioenergetique.com\/#website\"},\"datePublished\":\"2024-03-11T09:38:38+00:00\",\"dateModified\":\"2024-03-11T10:05:06+00:00\",\"breadcrumb\":{\"@id\":\"https:\/\/decodage-bioenergetique.com\/index.php\/zoom-formation-visualisation-spontanee\/#breadcrumb\"},\"inLanguage\":\"fr-FR\",\"potentialAction\":[{\"@type\":\"ReadAction\",\"target\":[\"https:\/\/decodage-bioenergetique.com\/index.php\/zoom-formation-visualisation-spontanee\/\"]}]},{\"@type\":\"BreadcrumbList\",\"@id\":\"https:\/\/decodage-bioenergetique.com\/index.php\/zoom-formation-visualisation-spontanee\/#breadcrumb\",\"itemListElement\":[{\"@type\":\"ListItem\",\"position\":1,\"name\":\"Accueil\",\"item\":\"https:\/\/decodage-bioenergetique.com\/\"},{\"@type\":\"ListItem\",\"position\":2,\"name\":\"Visualisation spontan\u00e9e\"}]},{\"@type\":\"WebSite\",\"@id\":\"https:\/\/decodage-bioenergetique.com\/#website\",\"url\":\"https:\/\/decodage-bioenergetique.com\/\",\"name\":\"decodage-bioenergetique.com\",\"description\":\"\",\"potentialAction\":[{\"@type\":\"SearchAction\",\"target\":{\"@type\":\"EntryPoint\",\"urlTemplate\":\"https:\/\/decodage-bioenergetique.com\/?s={search_term_string}\"},\"query-input\":\"required name=search_term_string\"}],\"inLanguage\":\"fr-FR\"}]}<\/script>\n<!-- \/ Yoast SEO plugin. -->","yoast_head_json":{"title":"Visualisation spontan\u00e9e - decodage-bioenergetique.com","robots":{"index":"index","follow":"follow","max-snippet":"max-snippet:-1","max-image-preview":"max-image-preview:large","max-video-preview":"max-video-preview:-1"},"canonical":"https:\/\/decodage-bioenergetique.com\/index.php\/zoom-formation-visualisation-spontanee\/","og_locale":"fr_FR","og_type":"article","og_title":"Visualisation spontan\u00e9e - decodage-bioenergetique.com","og_description":"Formation interactive en 6 modules Cette formation est ouverte \u00e0 toute personne disposant un minimum de sensibilit\u00e9 &#8211; Chaque module comprend une partie interactive et un travail pratique \u00e0 effectuer chez soi &#8211; La partie interactive se d\u00e9roule de mani\u00e8re","og_url":"https:\/\/decodage-bioenergetique.com\/index.php\/zoom-formation-visualisation-spontanee\/","og_site_name":"decodage-bioenergetique.com","article_modified_time":"2024-03-11T10:05:06+00:00","og_image":[{"url":"https:\/\/decodage-bioenergetique.com\/wp-content\/uploads\/2024\/03\/zoom_formation_vis_sp.jpg"}],"twitter_card":"summary_large_image","twitter_misc":{"Dur\u00e9e de lecture estim\u00e9e":"2 minutes"},"schema":{"@context":"https:\/\/schema.org","@graph":[{"@type":"WebPage","@id":"https:\/\/decodage-bioenergetique.com\/index.php\/zoom-formation-visualisation-spontanee\/","url":"https:\/\/decodage-bioenergetique.com\/index.php\/zoom-formation-visualisation-spontanee\/","name":"Visualisation spontan\u00e9e - decodage-bioenergetique.com","isPartOf":{"@id":"https:\/\/decodage-bioenergetique.com\/#website"},"datePublished":"2024-03-11T09:38:38+00:00","dateModified":"2024-03-11T10:05:06+00:00","breadcrumb":{"@id":"https:\/\/decodage-bioenergetique.com\/index.php\/zoom-formation-visualisation-spontanee\/#breadcrumb"},"inLanguage":"fr-FR","potentialAction":[{"@type":"ReadAction","target":["https:\/\/decodage-bioenergetique.com\/index.php\/zoom-formation-visualisation-spontanee\/"]}]},{"@type":"BreadcrumbList","@id":"https:\/\/decodage-bioenergetique.com\/index.php\/zoom-formation-visualisation-spontanee\/#breadcrumb","itemListElement":[{"@type":"ListItem","position":1,"name":"Accueil","item":"https:\/\/decodage-bioenergetique.com\/"},{"@type":"ListItem","position":2,"name":"Visualisation spontan\u00e9e"}]},{"@type":"WebSite","@id":"https:\/\/decodage-bioenergetique.com\/#website","url":"https:\/\/decodage-bioenergetique.com\/","name":"decodage-bioenergetique.com","description":"","potentialAction":[{"@type":"SearchAction","target":{"@type":"EntryPoint","urlTemplate":"https:\/\/decodage-bioenergetique.com\/?s={search_term_string}"},"query-input":"required name=search_term_string"}],"inLanguage":"fr-FR"}]}},"_links":{"self":[{"href":"https:\/\/decodage-bioenergetique.com\/index.php\/wp-json\/wp\/v2\/pages\/7502"}],"collection":[{"href":"https:\/\/decodage-bioenergetique.com\/index.php\/wp-json\/wp\/v2\/pages"}],"about":[{"href":"https:\/\/decodage-bioenergetique.com\/index.php\/wp-json\/wp\/v2\/types\/page"}],"author":[{"embeddable":true,"href":"https:\/\/decodage-bioenergetique.com\/index.php\/wp-json\/wp\/v2\/users\/15"}],"replies":[{"embeddable":true,"href":"https:\/\/decodage-bioenergetique.com\/index.php\/wp-json\/wp\/v2\/comments?post=7502"}],"version-history":[{"count":0,"href":"https:\/\/decodage-bioenergetique.com\/index.php\/wp-json\/wp\/v2\/pages\/7502\/revisions"}],"wp:attachment":[{"href":"https:\/\/decodage-bioenergetique.com\/index.php\/wp-json\/wp\/v2\/media?parent=7502"}],"curies":[{"name":"wp","href":"https:\/\/api.w.org\/{rel}","templated":true}]}}